{"id":311,"date":"2024-08-22T11:29:48","date_gmt":"2024-08-22T11:29:48","guid":{"rendered":"https:\/\/www.reanola.cz\/?page_id=311"},"modified":"2024-08-22T11:44:23","modified_gmt":"2024-08-22T11:44:23","slug":"nase-cinnost","status":"publish","type":"page","link":"https:\/\/www.reanola.cz\/?page_id=311","title":{"rendered":"Na\u0161e \u010dinnost"},"content":{"rendered":"\t\t<div data-elementor-type=\"wp-page\" data-elementor-id=\"311\" class=\"elementor elementor-311\">\n\t\t\t\t<div class=\"elementor-element elementor-element-e389ba5 e-flex e-con-boxed e-con e-parent\" data-id=\"e389ba5\" data-element_type=\"container\" data-settings=\"{&quot;background_background&quot;:&quot;classic&quot;}\">\n\t\t\t\t\t<div class=\"e-con-inner\">\n\t\t\t\t<div class=\"elementor-element elementor-element-be41cfb elementor-widget__width-inherit elementor-invisible elementor-widget elementor-widget-heading\" data-id=\"be41cfb\" data-element_type=\"widget\" data-settings=\"{&quot;_animation&quot;:&quot;fadeIn&quot;}\" data-widget_type=\"heading.default\">\n\t\t\t\t<div class=\"elementor-widget-container\">\n\t\t\t<style>\/*! elementor - v3.21.0 - 26-05-2024 *\/\n.elementor-heading-title{padding:0;margin:0;line-height:1}.elementor-widget-heading .elementor-heading-title[class*=elementor-size-]>a{color:inherit;font-size:inherit;line-height:inherit}.elementor-widget-heading .elementor-heading-title.elementor-size-small{font-size:15px}.elementor-widget-heading .elementor-heading-title.elementor-size-medium{font-size:19px}.elementor-widget-heading .elementor-heading-title.elementor-size-large{font-size:29px}.elementor-widget-heading .elementor-heading-title.elementor-size-xl{font-size:39px}.elementor-widget-heading .elementor-heading-title.elementor-size-xxl{font-size:59px}<\/style><h2 class=\"elementor-heading-title elementor-size-default\">O SPOLE\u010cNOSTI<\/h2>\t\t<\/div>\n\t\t\t\t<\/div>\n\t\t\t\t\t<\/div>\n\t\t\t\t<\/div>\n\t\t<div class=\"elementor-element elementor-element-11b3884 e-flex e-con-boxed e-con e-parent\" data-id=\"11b3884\" data-element_type=\"container\">\n\t\t\t\t\t<div class=\"e-con-inner\">\n\t\t<div class=\"elementor-element elementor-element-15a8b0e e-con-full e-flex e-con e-child\" data-id=\"15a8b0e\" data-element_type=\"container\">\n\t\t<div class=\"elementor-element elementor-element-535b950 e-con-full e-flex e-con e-child\" data-id=\"535b950\" data-element_type=\"container\">\n\t\t\t\t<div class=\"elementor-element elementor-element-ac6fb45 elementor-widget__width-inherit elementor-invisible elementor-widget elementor-widget-text-editor\" data-id=\"ac6fb45\" data-element_type=\"widget\" data-settings=\"{&quot;_animation&quot;:&quot;fadeIn&quot;}\" data-widget_type=\"text-editor.default\">\n\t\t\t\t<div class=\"elementor-widget-container\">\n\t\t\t<style>\/*! elementor - v3.21.0 - 26-05-2024 *\/\n.elementor-widget-text-editor.elementor-drop-cap-view-stacked .elementor-drop-cap{background-color:#69727d;color:#fff}.elementor-widget-text-editor.elementor-drop-cap-view-framed .elementor-drop-cap{color:#69727d;border:3px solid;background-color:transparent}.elementor-widget-text-editor:not(.elementor-drop-cap-view-default) .elementor-drop-cap{margin-top:8px}.elementor-widget-text-editor:not(.elementor-drop-cap-view-default) .elementor-drop-cap-letter{width:1em;height:1em}.elementor-widget-text-editor .elementor-drop-cap{float:left;text-align:center;line-height:1;font-size:50px}.elementor-widget-text-editor .elementor-drop-cap-letter{display:inline-block}<\/style>\t\t\t\t<p>Na\u0161e \u010dinnost<\/p>\t\t\t\t\t\t<\/div>\n\t\t\t\t<\/div>\n\t\t\t\t<div class=\"elementor-element elementor-element-fef582e elementor-invisible elementor-widget elementor-widget-heading\" data-id=\"fef582e\" data-element_type=\"widget\" data-settings=\"{&quot;_animation&quot;:&quot;fadeIn&quot;,&quot;_animation_delay&quot;:200}\" data-widget_type=\"heading.default\">\n\t\t\t\t<div class=\"elementor-widget-container\">\n\t\t\t<h2 class=\"elementor-heading-title elementor-size-default\">Co v\u0161e prov\u00e1d\u00edme?<\/h2>\t\t<\/div>\n\t\t\t\t<\/div>\n\t\t\t\t<div class=\"elementor-element elementor-element-a241f78 elementor-invisible elementor-widget elementor-widget-text-editor\" data-id=\"a241f78\" data-element_type=\"widget\" data-settings=\"{&quot;_animation&quot;:&quot;fadeIn&quot;,&quot;_animation_delay&quot;:400}\" data-widget_type=\"text-editor.default\">\n\t\t\t\t<div class=\"elementor-widget-container\">\n\t\t\t\t\t\t\t<p>Na\u0161e \u010dinnost zahrnuje komplexn\u00ed stavebn\u00ed pr\u00e1ce, v\u010detn\u011b novostaveb na kl\u00ed\u010d, rekonstrukc\u00ed bytov\u00fdch a nebytov\u00fdch prostor, zateplov\u00e1n\u00ed fas\u00e1d a mont\u00e1\u017ee st\u0159ech. Poskytujeme tak\u00e9 specializovan\u00e9 slu\u017eby jako s\u00e1drokartonov\u00e9 konstrukce, zemn\u00ed a demoli\u010dn\u00ed pr\u00e1ce, ter\u00e9nn\u00ed a zahradn\u00ed \u00fapravy, a pokl\u00e1dku z\u00e1mkov\u00e9 dla\u017eby. S n\u00e1mi z\u00edsk\u00e1te kvalitn\u00ed a spolehliv\u00e9 \u0159e\u0161en\u00ed pro ka\u017ed\u00fd stavebn\u00ed projekt.<\/p>\t\t\t\t\t\t<\/div>\n\t\t\t\t<\/div>\n\t\t\t\t<div class=\"elementor-element elementor-element-0c3440e elementor-widget elementor-widget-image\" data-id=\"0c3440e\" data-element_type=\"widget\" data-widget_type=\"image.default\">\n\t\t\t\t<div class=\"elementor-widget-container\">\n\t\t\t<style>\/*! elementor - v3.21.0 - 26-05-2024 *\/\n.elementor-widget-image{text-align:center}.elementor-widget-image a{display:inline-block}.elementor-widget-image a img[src$=\".svg\"]{width:48px}.elementor-widget-image img{vertical-align:middle;display:inline-block}<\/style>\t\t\t\t\t\t\t\t\t\t<img fetchpriority=\"high\" decoding=\"async\" width=\"800\" height=\"534\" src=\"https:\/\/www.reanola.cz\/wp-content\/uploads\/2024\/06\/woman-looks-at-man-who-has-girl-on-his-shoulders-2023-11-27-05-35-35-utc-min-1024x683.jpg\" class=\"attachment-large size-large wp-image-48\" alt=\"\" srcset=\"https:\/\/www.reanola.cz\/wp-content\/uploads\/2024\/06\/woman-looks-at-man-who-has-girl-on-his-shoulders-2023-11-27-05-35-35-utc-min-1024x683.jpg 1024w, https:\/\/www.reanola.cz\/wp-content\/uploads\/2024\/06\/woman-looks-at-man-who-has-girl-on-his-shoulders-2023-11-27-05-35-35-utc-min-300x200.jpg 300w, https:\/\/www.reanola.cz\/wp-content\/uploads\/2024\/06\/woman-looks-at-man-who-has-girl-on-his-shoulders-2023-11-27-05-35-35-utc-min-768x512.jpg 768w, https:\/\/www.reanola.cz\/wp-content\/uploads\/2024\/06\/woman-looks-at-man-who-has-girl-on-his-shoulders-2023-11-27-05-35-35-utc-min-1536x1024.jpg 1536w, https:\/\/www.reanola.cz\/wp-content\/uploads\/2024\/06\/woman-looks-at-man-who-has-girl-on-his-shoulders-2023-11-27-05-35-35-utc-min-2048x1365.jpg 2048w\" sizes=\"(max-width: 800px) 100vw, 800px\" \/>\t\t\t\t\t\t\t\t\t\t\t\t\t<\/div>\n\t\t\t\t<\/div>\n\t\t\t\t<div class=\"elementor-element elementor-element-cbcf8cc elementor-align-left elementor-widget elementor-widget-button\" data-id=\"cbcf8cc\" data-element_type=\"widget\" data-widget_type=\"button.default\">\n\t\t\t\t<div class=\"elementor-widget-container\">\n\t\t\t\t\t<div class=\"elementor-button-wrapper\">\n\t\t\t<a class=\"elementor-button elementor-button-link elementor-size-sm\" href=\"#\">\n\t\t\t\t\t\t<span class=\"elementor-button-content-wrapper\">\n\t\t\t\t\t\t\t\t\t<span class=\"elementor-button-text\">KONTAKT<\/span>\n\t\t\t\t\t<\/span>\n\t\t\t\t\t<\/a>\n\t\t<\/div>\n\t\t\t\t<\/div>\n\t\t\t\t<\/div>\n\t\t\t\t<\/div>\n\t\t\t\t<\/div>\n\t\t<div class=\"elementor-element elementor-element-ed7530e e-con-full e-flex e-con e-child\" data-id=\"ed7530e\" data-element_type=\"container\">\n\t\t<div class=\"elementor-element elementor-element-3612c68 e-con-full e-flex elementor-invisible e-con e-child\" data-id=\"3612c68\" data-element_type=\"container\" data-settings=\"{&quot;animation&quot;:&quot;fadeIn&quot;}\">\n\t\t<div class=\"elementor-element elementor-element-67deb97 e-con-full e-flex e-con e-child\" data-id=\"67deb97\" data-element_type=\"container\">\n\t\t\t\t<div class=\"elementor-element elementor-element-a190434 elementor-icon-list-ico-position-0 elementor-icon-list--layout-traditional elementor-list-item-link-full_width elementor-widget elementor-widget-icon-list\" data-id=\"a190434\" data-element_type=\"widget\" data-widget_type=\"icon-list.default\">\n\t\t\t\t<div class=\"elementor-widget-container\">\n\t\t\t<link rel=\"stylesheet\" href=\"https:\/\/www.reanola.cz\/wp-content\/plugins\/elementor\/assets\/css\/widget-icon-list.min.css\">\t\t<ul class=\"elementor-icon-list-items\">\n\t\t\t\t\t\t\t<li class=\"elementor-icon-list-item\">\n\t\t\t\t\t\t\t\t\t\t\t<span class=\"elementor-icon-list-icon\">\n\t\t\t\t\t\t\t<i aria-hidden=\"true\" class=\"icon icon-home\"><\/i>\t\t\t\t\t\t<\/span>\n\t\t\t\t\t\t\t\t\t\t<span class=\"elementor-icon-list-text\">Stavba a rekonstrukce na kl\u00ed\u010d<\/span>\n\t\t\t\t\t\t\t\t\t<\/li>\n\t\t\t\t\t\t<\/ul>\n\t\t\t\t<\/div>\n\t\t\t\t<\/div>\n\t\t\t\t<\/div>\n\t\t<div class=\"elementor-element elementor-element-2b65d07 e-con-full e-flex e-con e-child\" data-id=\"2b65d07\" data-element_type=\"container\">\n\t\t\t\t<div class=\"elementor-element elementor-element-6e1027b elementor-widget elementor-widget-text-editor\" data-id=\"6e1027b\" data-element_type=\"widget\" data-widget_type=\"text-editor.default\">\n\t\t\t\t<div class=\"elementor-widget-container\">\n\t\t\t\t\t\t\t<p>Nab\u00edz\u00edme kompletn\u00ed stavbu rodinn\u00fdch dom\u016f a rekonstrukci bytov\u00fdch i nebytov\u00fdch prostor na kl\u00ed\u010d. Zaji\u0161\u0165ujeme v\u0161echny f\u00e1ze projektu, od prvotn\u00edho n\u00e1vrhu a\u017e po fin\u00e1ln\u00ed realizaci a kolaudaci.<\/p>\t\t\t\t\t\t<\/div>\n\t\t\t\t<\/div>\n\t\t\t\t<\/div>\n\t\t\t\t<\/div>\n\t\t<div class=\"elementor-element elementor-element-7ec1c7a e-con-full e-flex elementor-invisible e-con e-child\" data-id=\"7ec1c7a\" data-element_type=\"container\" data-settings=\"{&quot;animation&quot;:&quot;fadeIn&quot;,&quot;animation_delay&quot;:100}\">\n\t\t<div class=\"elementor-element elementor-element-e1c0952 e-con-full e-flex e-con e-child\" data-id=\"e1c0952\" data-element_type=\"container\">\n\t\t\t\t<div class=\"elementor-element elementor-element-9972550 elementor-icon-list-ico-position-0 elementor-icon-list--layout-traditional elementor-list-item-link-full_width elementor-widget elementor-widget-icon-list\" data-id=\"9972550\" data-element_type=\"widget\" data-widget_type=\"icon-list.default\">\n\t\t\t\t<div class=\"elementor-widget-container\">\n\t\t\t\t\t<ul class=\"elementor-icon-list-items\">\n\t\t\t\t\t\t\t<li class=\"elementor-icon-list-item\">\n\t\t\t\t\t\t\t\t\t\t\t<span class=\"elementor-icon-list-icon\">\n\t\t\t\t\t\t\t<i aria-hidden=\"true\" class=\"icon icon-apartment1\"><\/i>\t\t\t\t\t\t<\/span>\n\t\t\t\t\t\t\t\t\t\t<span class=\"elementor-icon-list-text\">Stavba kancel\u00e1\u0159sk\u00fdch budov a are\u00e1l\u016f<\/span>\n\t\t\t\t\t\t\t\t\t<\/li>\n\t\t\t\t\t\t<\/ul>\n\t\t\t\t<\/div>\n\t\t\t\t<\/div>\n\t\t\t\t<\/div>\n\t\t<div class=\"elementor-element elementor-element-bfb103c e-con-full e-flex e-con e-child\" data-id=\"bfb103c\" data-element_type=\"container\">\n\t\t\t\t<div class=\"elementor-element elementor-element-9bd66d9 elementor-widget elementor-widget-text-editor\" data-id=\"9bd66d9\" data-element_type=\"widget\" data-widget_type=\"text-editor.default\">\n\t\t\t\t<div class=\"elementor-widget-container\">\n\t\t\t\t\t\t\t<p>Realizujeme stavbu modern\u00edch kancel\u00e1\u0159sk\u00fdch budov a komer\u010dn\u00edch are\u00e1l\u016f, kter\u00e9 spl\u0148uj\u00ed nejvy\u0161\u0161\u00ed standardy. Na\u0161e projekty jsou navr\u017eeny tak, aby poskytovaly maxim\u00e1ln\u00ed funk\u010dnost a komfort pro va\u0161e podnik\u00e1n\u00ed.<\/p>\t\t\t\t\t\t<\/div>\n\t\t\t\t<\/div>\n\t\t\t\t<\/div>\n\t\t\t\t<\/div>\n\t\t<div class=\"elementor-element elementor-element-49370ef e-con-full e-flex elementor-invisible e-con e-child\" data-id=\"49370ef\" data-element_type=\"container\" data-settings=\"{&quot;animation&quot;:&quot;fadeIn&quot;,&quot;animation_delay&quot;:200}\">\n\t\t<div class=\"elementor-element elementor-element-752f89c e-con-full e-flex e-con e-child\" data-id=\"752f89c\" data-element_type=\"container\">\n\t\t\t\t<div class=\"elementor-element elementor-element-e4854d0 elementor-icon-list-ico-position-0 elementor-icon-list--layout-traditional elementor-list-item-link-full_width elementor-widget elementor-widget-icon-list\" data-id=\"e4854d0\" data-element_type=\"widget\" data-widget_type=\"icon-list.default\">\n\t\t\t\t<div class=\"elementor-widget-container\">\n\t\t\t\t\t<ul class=\"elementor-icon-list-items\">\n\t\t\t\t\t\t\t<li class=\"elementor-icon-list-item\">\n\t\t\t\t\t\t\t\t\t\t\t<span class=\"elementor-icon-list-icon\">\n\t\t\t\t\t\t\t<i aria-hidden=\"true\" class=\"icon icon-users\"><\/i>\t\t\t\t\t\t<\/span>\n\t\t\t\t\t\t\t\t\t\t<span class=\"elementor-icon-list-text\">Konzulta\u010dn\u00ed a projek\u010dn\u00ed \u010dinnost<\/span>\n\t\t\t\t\t\t\t\t\t<\/li>\n\t\t\t\t\t\t<\/ul>\n\t\t\t\t<\/div>\n\t\t\t\t<\/div>\n\t\t\t\t<\/div>\n\t\t<div class=\"elementor-element elementor-element-254e159 e-con-full e-flex e-con e-child\" data-id=\"254e159\" data-element_type=\"container\">\n\t\t\t\t<div class=\"elementor-element elementor-element-c02aa4a elementor-widget elementor-widget-text-editor\" data-id=\"c02aa4a\" data-element_type=\"widget\" data-widget_type=\"text-editor.default\">\n\t\t\t\t<div class=\"elementor-widget-container\">\n\t\t\t\t\t\t\t<p>Poskytujeme odborn\u00e9 konzultace a projek\u010dn\u00ed slu\u017eby, kter\u00e9 v\u00e1m pomohou s pl\u00e1nov\u00e1n\u00edm a realizac\u00ed va\u0161eho stavebn\u00edho projektu. Na\u0161i zku\u0161en\u00ed projektanti v\u00e1m nab\u00eddnou \u0159e\u0161en\u00ed \u0161it\u00e1 na m\u00edru va\u0161im pot\u0159eb\u00e1m.<\/p>\t\t\t\t\t\t<\/div>\n\t\t\t\t<\/div>\n\t\t\t\t<\/div>\n\t\t\t\t<\/div>\n\t\t<div class=\"elementor-element elementor-element-c3621e3 e-con-full e-flex elementor-invisible e-con e-child\" data-id=\"c3621e3\" data-element_type=\"container\" data-settings=\"{&quot;animation&quot;:&quot;fadeIn&quot;,&quot;animation_delay&quot;:300}\">\n\t\t<div class=\"elementor-element elementor-element-3563a49 e-con-full e-flex e-con e-child\" data-id=\"3563a49\" data-element_type=\"container\">\n\t\t\t\t<div class=\"elementor-element elementor-element-1186b63 elementor-icon-list-ico-position-0 elementor-icon-list--layout-traditional elementor-list-item-link-full_width elementor-widget elementor-widget-icon-list\" data-id=\"1186b63\" data-element_type=\"widget\" data-widget_type=\"icon-list.default\">\n\t\t\t\t<div class=\"elementor-widget-container\">\n\t\t\t\t\t<ul class=\"elementor-icon-list-items\">\n\t\t\t\t\t\t\t<li class=\"elementor-icon-list-item\">\n\t\t\t\t\t\t\t\t\t\t\t<span class=\"elementor-icon-list-icon\">\n\t\t\t\t\t\t\t<i aria-hidden=\"true\" class=\"icon icon-construction\"><\/i>\t\t\t\t\t\t<\/span>\n\t\t\t\t\t\t\t\t\t\t<span class=\"elementor-icon-list-text\">Stavebn\u00ed \u010dinnost v\u0161eho druhu<\/span>\n\t\t\t\t\t\t\t\t\t<\/li>\n\t\t\t\t\t\t<\/ul>\n\t\t\t\t<\/div>\n\t\t\t\t<\/div>\n\t\t\t\t<\/div>\n\t\t<div class=\"elementor-element elementor-element-a74f7f4 e-con-full e-flex e-con e-child\" data-id=\"a74f7f4\" data-element_type=\"container\">\n\t\t\t\t<div class=\"elementor-element elementor-element-6594ba4 elementor-widget elementor-widget-text-editor\" data-id=\"6594ba4\" data-element_type=\"widget\" data-widget_type=\"text-editor.default\">\n\t\t\t\t<div class=\"elementor-widget-container\">\n\t\t\t\t\t\t\t<p>Nab\u00edz\u00edme \u0161irok\u00e9 spektrum stavebn\u00edch prac\u00ed, v\u010detn\u011b zateplov\u00e1n\u00ed fas\u00e1d, mont\u00e1\u017ee st\u0159ech, zemn\u00edch a demoli\u010dn\u00edch prac\u00ed. S n\u00e1mi m\u00e1te jistotu, \u017ee v\u0161echny va\u0161e stavebn\u00ed pot\u0159eby budou profesion\u00e1ln\u011b a kvalitn\u011b vy\u0159e\u0161eny.<\/p>\t\t\t\t\t\t<\/div>\n\t\t\t\t<\/div>\n\t\t\t\t<\/div>\n\t\t\t\t<\/div>\n\t\t\t\t<\/div>\n\t\t\t\t\t<\/div>\n\t\t\t\t<\/div>\n\t\t<div class=\"elementor-element elementor-element-f00282c e-flex e-con-boxed e-con e-parent\" data-id=\"f00282c\" data-element_type=\"container\">\n\t\t\t\t\t<div class=\"e-con-inner\">\n\t\t\t\t<div class=\"elementor-element elementor-element-fb3f933 elementor-widget__width-inherit elementor-invisible elementor-widget elementor-widget-text-editor\" data-id=\"fb3f933\" data-element_type=\"widget\" data-settings=\"{&quot;_animation&quot;:&quot;fadeIn&quot;}\" data-widget_type=\"text-editor.default\">\n\t\t\t\t<div class=\"elementor-widget-container\">\n\t\t\t\t\t\t\t<p>Co jsme d\u011blali?<\/p>\t\t\t\t\t\t<\/div>\n\t\t\t\t<\/div>\n\t\t\t\t<div class=\"elementor-element elementor-element-3cf94a1 elementor-invisible elementor-widget elementor-widget-heading\" data-id=\"3cf94a1\" data-element_type=\"widget\" data-settings=\"{&quot;_animation&quot;:&quot;fadeIn&quot;,&quot;_animation_delay&quot;:200}\" data-widget_type=\"heading.default\">\n\t\t\t\t<div class=\"elementor-widget-container\">\n\t\t\t<h2 class=\"elementor-heading-title elementor-size-default\">REFERENCE<\/h2>\t\t<\/div>\n\t\t\t\t<\/div>\n\t\t<div class=\"elementor-element elementor-element-1ee6a25 e-con-full e-flex elementor-invisible e-con e-child\" data-id=\"1ee6a25\" data-element_type=\"container\" data-settings=\"{&quot;background_background&quot;:&quot;classic&quot;,&quot;animation&quot;:&quot;fadeIn&quot;,&quot;animation_delay&quot;:400}\">\n\t\t<div class=\"elementor-element elementor-element-f36ad63 e-con-full e-flex e-con e-child\" data-id=\"f36ad63\" data-element_type=\"container\">\n\t\t\t\t<div class=\"elementor-element elementor-element-a16ff10 elementor-widget elementor-widget-heading\" data-id=\"a16ff10\" data-element_type=\"widget\" data-widget_type=\"heading.default\">\n\t\t\t\t<div class=\"elementor-widget-container\">\n\t\t\t<h3 class=\"elementor-heading-title elementor-size-default\">REKONSTRUKCE PRAHA<\/h3>\t\t<\/div>\n\t\t\t\t<\/div>\n\t\t\t\t<div class=\"elementor-element elementor-element-c8f0102 elementor-align-left elementor-widget elementor-widget-button\" data-id=\"c8f0102\" data-element_type=\"widget\" data-widget_type=\"button.default\">\n\t\t\t\t<div class=\"elementor-widget-container\">\n\t\t\t\t\t<div class=\"elementor-button-wrapper\">\n\t\t\t<a class=\"elementor-button elementor-button-link elementor-size-sm\" href=\"#\">\n\t\t\t\t\t\t<span class=\"elementor-button-content-wrapper\">\n\t\t\t\t\t\t\t\t\t<span class=\"elementor-button-text\">REFERENCE<\/span>\n\t\t\t\t\t<\/span>\n\t\t\t\t\t<\/a>\n\t\t<\/div>\n\t\t\t\t<\/div>\n\t\t\t\t<\/div>\n\t\t\t\t<\/div>\n\t\t<div class=\"elementor-element elementor-element-a7c9e26 e-con-full e-flex e-con e-child\" data-id=\"a7c9e26\" data-element_type=\"container\">\n\t\t\t\t<\/div>\n\t\t\t\t<\/div>\n\t\t<div class=\"elementor-element elementor-element-cf1ccb9 e-con-full e-flex elementor-invisible e-con e-child\" data-id=\"cf1ccb9\" data-element_type=\"container\" data-settings=\"{&quot;background_background&quot;:&quot;classic&quot;,&quot;animation&quot;:&quot;fadeIn&quot;,&quot;animation_delay&quot;:400}\">\n\t\t<div class=\"elementor-element elementor-element-f50188e e-con-full e-flex e-con e-child\" data-id=\"f50188e\" data-element_type=\"container\">\n\t\t\t\t<div class=\"elementor-element elementor-element-323c70e elementor-widget elementor-widget-heading\" data-id=\"323c70e\" data-element_type=\"widget\" data-widget_type=\"heading.default\">\n\t\t\t\t<div class=\"elementor-widget-container\">\n\t\t\t<h3 class=\"elementor-heading-title elementor-size-default\">STAVBA DOMU PRAHA<\/h3>\t\t<\/div>\n\t\t\t\t<\/div>\n\t\t\t\t<div class=\"elementor-element elementor-element-d542a1f elementor-align-left elementor-widget elementor-widget-button\" data-id=\"d542a1f\" data-element_type=\"widget\" data-widget_type=\"button.default\">\n\t\t\t\t<div class=\"elementor-widget-container\">\n\t\t\t\t\t<div class=\"elementor-button-wrapper\">\n\t\t\t<a class=\"elementor-button elementor-button-link elementor-size-sm\" href=\"#\">\n\t\t\t\t\t\t<span class=\"elementor-button-content-wrapper\">\n\t\t\t\t\t\t\t\t\t<span class=\"elementor-button-text\">REFERENCE<\/span>\n\t\t\t\t\t<\/span>\n\t\t\t\t\t<\/a>\n\t\t<\/div>\n\t\t\t\t<\/div>\n\t\t\t\t<\/div>\n\t\t\t\t<\/div>\n\t\t<div class=\"elementor-element elementor-element-09861ac e-con-full e-flex e-con e-child\" data-id=\"09861ac\" data-element_type=\"container\">\n\t\t\t\t<\/div>\n\t\t\t\t<\/div>\n\t\t<div class=\"elementor-element elementor-element-1f39eee e-con-full e-flex elementor-invisible e-con e-child\" data-id=\"1f39eee\" data-element_type=\"container\" data-settings=\"{&quot;background_background&quot;:&quot;classic&quot;,&quot;animation&quot;:&quot;fadeIn&quot;,&quot;animation_delay&quot;:400}\">\n\t\t<div class=\"elementor-element elementor-element-7224347 e-con-full e-flex e-con e-child\" data-id=\"7224347\" data-element_type=\"container\">\n\t\t\t\t<div class=\"elementor-element elementor-element-fe5d0ba elementor-widget elementor-widget-heading\" data-id=\"fe5d0ba\" data-element_type=\"widget\" data-widget_type=\"heading.default\">\n\t\t\t\t<div class=\"elementor-widget-container\">\n\t\t\t<h3 class=\"elementor-heading-title elementor-size-default\">STAVBA BD PRAHA<\/h3>\t\t<\/div>\n\t\t\t\t<\/div>\n\t\t\t\t<div class=\"elementor-element elementor-element-120cef5 elementor-align-left elementor-widget elementor-widget-button\" data-id=\"120cef5\" data-element_type=\"widget\" data-widget_type=\"button.default\">\n\t\t\t\t<div class=\"elementor-widget-container\">\n\t\t\t\t\t<div class=\"elementor-button-wrapper\">\n\t\t\t<a class=\"elementor-button elementor-button-link elementor-size-sm\" href=\"#\">\n\t\t\t\t\t\t<span class=\"elementor-button-content-wrapper\">\n\t\t\t\t\t\t\t\t\t<span class=\"elementor-button-text\">REFERENCE<\/span>\n\t\t\t\t\t<\/span>\n\t\t\t\t\t<\/a>\n\t\t<\/div>\n\t\t\t\t<\/div>\n\t\t\t\t<\/div>\n\t\t\t\t<\/div>\n\t\t<div class=\"elementor-element elementor-element-c993ebf e-con-full e-flex e-con e-child\" data-id=\"c993ebf\" data-element_type=\"container\">\n\t\t\t\t<\/div>\n\t\t\t\t<\/div>\n\t\t\t\t\t<\/div>\n\t\t\t\t<\/div>\n\t\t\t\t<\/div>\n\t\t","protected":false},"excerpt":{"rendered":"<p>O SPOLE\u010cNOSTI Na\u0161e \u010dinnost Co v\u0161e prov\u00e1d\u00edme? Na\u0161e \u010dinnost zahrnuje komplexn\u00ed stavebn\u00ed pr\u00e1ce, v\u010detn\u011b novostaveb na kl\u00ed\u010d, rekonstrukc\u00ed bytov\u00fdch a nebytov\u00fdch prostor, zateplov\u00e1n\u00ed fas\u00e1d a mont\u00e1\u017ee st\u0159ech. Poskytujeme tak\u00e9 specializovan\u00e9 slu\u017eby jako s\u00e1drokartonov\u00e9 konstrukce, zemn\u00ed a demoli\u010dn\u00ed pr\u00e1ce, ter\u00e9nn\u00ed a zahradn\u00ed \u00fapravy, a pokl\u00e1dku z\u00e1mkov\u00e9 dla\u017eby. S n\u00e1mi z\u00edsk\u00e1te kvalitn\u00ed a spolehliv\u00e9 \u0159e\u0161en\u00ed pro ka\u017ed\u00fd [&hellip;]<\/p>\n","protected":false},"author":1,"featured_media":0,"parent":0,"menu_order":0,"comment_status":"closed","ping_status":"closed","template":"elementor_header_footer","meta":{"footnotes":""},"class_list":["post-311","page","type-page","status-publish","hentry"],"_links":{"self":[{"href":"https:\/\/www.reanola.cz\/index.php?rest_route=\/wp\/v2\/pages\/311","targetHints":{"allow":["GET"]}}],"collection":[{"href":"https:\/\/www.reanola.cz\/index.php?rest_route=\/wp\/v2\/pages"}],"about":[{"href":"https:\/\/www.reanola.cz\/index.php?rest_route=\/wp\/v2\/types\/page"}],"author":[{"embeddable":true,"href":"https:\/\/www.reanola.cz\/index.php?rest_route=\/wp\/v2\/users\/1"}],"replies":[{"embeddable":true,"href":"https:\/\/www.reanola.cz\/index.php?rest_route=%2Fwp%2Fv2%2Fcomments&post=311"}],"version-history":[{"count":7,"href":"https:\/\/www.reanola.cz\/index.php?rest_route=\/wp\/v2\/pages\/311\/revisions"}],"predecessor-version":[{"id":323,"href":"https:\/\/www.reanola.cz\/index.php?rest_route=\/wp\/v2\/pages\/311\/revisions\/323"}],"wp:attachment":[{"href":"https:\/\/www.reanola.cz\/index.php?rest_route=%2Fwp%2Fv2%2Fmedia&parent=311"}],"curies":[{"name":"wp","href":"https:\/\/api.w.org\/{rel}","templated":true}]}}